{"id":1875,"date":"2025-01-21T12:46:16","date_gmt":"2025-01-21T12:46:16","guid":{"rendered":"https:\/\/alemparte.net\/politique-de-confidentialite\/"},"modified":"2025-04-15T12:53:34","modified_gmt":"2025-04-15T12:53:34","slug":"politique-de-confidentialite","status":"publish","type":"page","link":"https:\/\/alemparte.net\/fr\/politique-de-confidentialite\/","title":{"rendered":"Politique de confidentialit\u00e9"},"content":{"rendered":"\t\t<div data-elementor-type=\"wp-page\" data-elementor-id=\"1875\" class=\"elementor elementor-1875 elementor-3\" data-elementor-post-type=\"page\">\n\t\t\t\t<div class=\"elementor-element elementor-element-2cd275c e-flex e-con-boxed e-con e-parent\" data-id=\"2cd275c\" data-element_type=\"container\" data-e-type=\"container\" id=\"heading\" data-settings=\"{&quot;background_background&quot;:&quot;classic&quot;}\">\n\t\t\t\t\t<div class=\"e-con-inner\">\n\t\t<div class=\"elementor-element elementor-element-d8b4a63 e-con-full e-flex e-con e-child\" data-id=\"d8b4a63\" data-element_type=\"container\" data-e-type=\"container\">\n\t\t\t\t<div class=\"elementor-element elementor-element-097daa0 elementor-widget elementor-widget-heading\" data-id=\"097daa0\" data-element_type=\"widget\" data-e-type=\"widget\" data-widget_type=\"heading.default\">\n\t\t\t\t<div class=\"elementor-widget-container\">\n\t\t\t\t\t<h1 class=\"elementor-heading-title elementor-size-default\">Politique de confidentialit\u00e9<\/h1>\t\t\t\t<\/div>\n\t\t\t\t<\/div>\n\t\t\t\t<\/div>\n\t\t\t\t\t<\/div>\n\t\t\t\t<\/div>\n\t\t<div class=\"elementor-element elementor-element-031bb91 e-flex e-con-boxed e-con e-parent\" data-id=\"031bb91\" data-element_type=\"container\" data-e-type=\"container\">\n\t\t\t\t\t<div class=\"e-con-inner\">\n\t\t\t\t<div class=\"elementor-element elementor-element-eb3f461 elementor-widget elementor-widget-heading\" data-id=\"eb3f461\" data-element_type=\"widget\" data-e-type=\"widget\" data-widget_type=\"heading.default\">\n\t\t\t\t<div class=\"elementor-widget-container\">\n\t\t\t\t\t<h2 class=\"elementor-heading-title elementor-size-default\">1. Information \u00e0 l\u2019utilisateur<\/h2>\t\t\t\t<\/div>\n\t\t\t\t<\/div>\n\t\t\t\t<div class=\"elementor-element elementor-element-766939e elementor-widget elementor-widget-text-editor\" data-id=\"766939e\" data-element_type=\"widget\" data-e-type=\"widget\" data-widget_type=\"text-editor.default\">\n\t\t\t\t<div class=\"elementor-widget-container\">\n\t\t\t\t\t\t\t\t\t<p><b>\u00ab\u202fDEPURACIONES Y BOMBEOS ALEMPARTE, S.L.\u202f\u00bb, ci-apr\u00e8s le RESPONSABLE, est responsable du traitement des donn\u00e9es personnelles de l\u2019Utilisateur et informe que ces donn\u00e9es seront trait\u00e9es conform\u00e9ment aux r\u00e9glementations en vigueur en mati\u00e8re de protection des donn\u00e9es personnelles, notamment le R\u00e8glement (UE) 2016\/679 du 27 avril 2016 (RGPD), la Loi organique 3\/2018 du 5 d\u00e9cembre sur la protection des donn\u00e9es personnelles et la garantie des droits num\u00e9riques, ainsi que la loi espagnole sur les services de la soci\u00e9t\u00e9 de l\u2019information (LSSICE), Loi 34\/2002 du 11 juillet. Les informations suivantes relatives au traitement sont donc fournies :   <\/b><\/p><p><strong>Finalit\u00e9 du traitement <\/strong>: maintenir une relation commerciale avec l\u2019Utilisateur. Les op\u00e9rations pr\u00e9vues sont : <span class=\"Apple-converted-space\"> <\/span><\/p><p><strong>Base juridique :<\/strong> RGPD Art. 6.1.a) La personne concern\u00e9e a consenti au traitement de ses donn\u00e9es personnelles pour une ou plusieurs finalit\u00e9s sp\u00e9cifiques.<\/p><p>Envoi de communications commerciales par e-mail, fax, SMS, MMS, r\u00e9seaux sociaux ou tout autre moyen \u00e9lectronique ou physique, pr\u00e9sent ou futur, permettant des communications commerciales. Ces communications seront envoy\u00e9es par le RESPONSABLE et concerneront ses produits et services, ou ceux de ses partenaires ou fournisseurs avec lesquels il a pass\u00e9 un accord commercial. Dans ce cas, les tiers n\u2019auront jamais acc\u00e8s aux donn\u00e9es personnelles. R\u00e9alisation d\u2019\u00e9tudes statistiques. Traitement des commandes, devis, demandes ou toute autre requ\u00eate effectu\u00e9e par l\u2019utilisateur via les moyens de contact mis \u00e0 disposition. Envoi de la newsletter du site web.     <span class=\"Apple-converted-space\"> <\/span><\/p><p><strong>Crit\u00e8res de conservation des donn\u00e9es : <\/strong>les donn\u00e9es seront conserv\u00e9es pendant une dur\u00e9e n\u2019exc\u00e9dant pas celle n\u00e9cessaire aux finalit\u00e9s du traitement. Lorsqu\u2019elles ne seront plus n\u00e9cessaires, elles seront supprim\u00e9es avec des mesures de s\u00e9curit\u00e9 appropri\u00e9es garantissant la pseudonymisation ou la destruction totale.<span class=\"Apple-converted-space\"> <\/span><\/p><p><strong>Communication des donn\u00e9es :<\/strong> aucune donn\u00e9e ne sera communiqu\u00e9e \u00e0 des tiers, sauf obligation l\u00e9gale. Aucun transfert international n\u2019est pr\u00e9vu. <\/p><p><strong>Droits de l\u2019Utilisateur :<span class=\"Apple-converted-space\"> <\/span><\/strong><\/p><ul><li>Droit de retirer le consentement \u00e0 tout moment.<\/li><li>Droit d\u2019acc\u00e8s, de rectification, de portabilit\u00e9, de suppression des donn\u00e9es, et de limitation ou d\u2019opposition \u00e0 leur traitement.<span class=\"Apple-converted-space\"> <\/span><\/li><li>Derecho a presentar una reclamaci\u00f3n ante la autoridad de control (<a href=\"https:\/\/www.aepd.es\/reglamento\/derechos\/index.html\" target=\"_blank\" rel=\"noopener\">https:\/\/www.aepd.es\/<\/a><a href=\"https:\/\/www.aepd.es\/reglamento\/derechos\/index.html\" target=\"_blank\" rel=\"noopener\">reglamento\/ derechos\/index.html<\/a>) si considera que el tratamiento no se ajusta a la normativa vigente. <a href=\"http:\/\/www.agpd.es\" target=\"_blank\" rel=\"noopener\">www.agpd.es<\/a>. Calle Jorge Juan 6, 28001. Madrid.  <\/li><\/ul><p><em>Coordonn\u00e9es pour exercer vos droits : Voir Point 4<\/em><\/p>\t\t\t\t\t\t\t\t<\/div>\n\t\t\t\t<\/div>\n\t\t\t\t<div class=\"elementor-element elementor-element-ab24650 elementor-widget elementor-widget-heading\" data-id=\"ab24650\" data-element_type=\"widget\" data-e-type=\"widget\" data-widget_type=\"heading.default\">\n\t\t\t\t<div class=\"elementor-widget-container\">\n\t\t\t\t\t<h2 class=\"elementor-heading-title elementor-size-default\">2. Onglet \u00ab\u202fContact\u202f\u00bb \u2013 Informations suppl\u00e9mentaires <\/h2>\t\t\t\t<\/div>\n\t\t\t\t<\/div>\n\t\t\t\t<div class=\"elementor-element elementor-element-163595f elementor-widget elementor-widget-text-editor\" data-id=\"163595f\" data-element_type=\"widget\" data-e-type=\"widget\" data-widget_type=\"text-editor.default\">\n\t\t\t\t<div class=\"elementor-widget-container\">\n\t\t\t\t\t\t\t\t\t<p><strong>Finalit\u00e9 du traitement : <\/strong>r\u00e9pondre \u00e0 toute demande, information, question, suggestion ou autre requ\u00eate relative \u00e0 nos produits ou services.<\/p><p><strong>Base juridique :<\/strong> RGPD Art. 6.1.a) La personne concern\u00e9e a consenti au traitement de ses donn\u00e9es personnelles pour une ou plusieurs finalit\u00e9s sp\u00e9cifiques.<\/p><p><strong>Crit\u00e8res de conservation : <\/strong>les donn\u00e9es seront conserv\u00e9es pendant une dur\u00e9e n\u2019exc\u00e9dant pas celle n\u00e9cessaire aux finalit\u00e9s du traitement. Lorsqu\u2019elles ne seront plus n\u00e9cessaires, elles seront supprim\u00e9es avec des mesures de s\u00e9curit\u00e9 appropri\u00e9es.<\/p><p><strong>Communication des donn\u00e9es :<\/strong> aucune donn\u00e9e ne sera communiqu\u00e9e \u00e0 des tiers, sauf obligation l\u00e9gale. Aucun transfert international n\u2019est pr\u00e9vu. <\/p><p><strong>Droits de l\u2019Utilisateur :<span class=\"Apple-converted-space\"> <\/span><\/strong><\/p><ul><li>Droit de retirer le consentement \u00e0 tout moment.<\/li><li>Droit d\u2019acc\u00e8s, de rectification, de portabilit\u00e9, de suppression des donn\u00e9es, et de limitation ou d\u2019opposition \u00e0 leur traitement.<span class=\"Apple-converted-space\"> <\/span><\/li><li>Derecho a presentar una reclamaci\u00f3n ante la autoridad de control <a href=\"https:\/\/www.aepd.es\/reglamento\/derechos\/index.html\" target=\"_blank\" rel=\"noopener\">(https:\/\/www.aepd.es\/reglamento\/ derechos\/index.html)<\/a> si considera que el tratamiento no se ajusta a la normativa vigente. <a href=\"http:\/\/www.agpd.es\" target=\"_blank\" rel=\"noopener\">www.agpd.es<\/a>. Calle Jorge Juan 6, 28001. Madrid.  <\/li><\/ul><p><em>Coordonn\u00e9es pour exercer vos droits : Voir Point 4<\/em><\/p>\t\t\t\t\t\t\t\t<\/div>\n\t\t\t\t<\/div>\n\t\t\t\t<div class=\"elementor-element elementor-element-0e7bee5 elementor-widget elementor-widget-heading\" data-id=\"0e7bee5\" data-element_type=\"widget\" data-e-type=\"widget\" data-widget_type=\"heading.default\">\n\t\t\t\t<div class=\"elementor-widget-container\">\n\t\t\t\t\t<h2 class=\"elementor-heading-title elementor-size-default\">3. Onglet \u00ab\u202fTravaillez avec nous\u202f\u00bb \u2013 Informations suppl\u00e9mentaires <\/h2>\t\t\t\t<\/div>\n\t\t\t\t<\/div>\n\t\t\t\t<div class=\"elementor-element elementor-element-740323e elementor-widget elementor-widget-text-editor\" data-id=\"740323e\" data-element_type=\"widget\" data-e-type=\"widget\" data-widget_type=\"text-editor.default\">\n\t\t\t\t<div class=\"elementor-widget-container\">\n\t\t\t\t\t\t\t\t\t<p><strong>Finalit\u00e9 du traitement :<\/strong> faire participer la personne concern\u00e9e aux processus de recrutement, en analysant son profil afin de s\u00e9lectionner le candidat le plus adapt\u00e9 \u00e0 un poste vacant.<\/p><p><strong>Base juridique :<\/strong> RGPD Art. 6.1.a) La personne concern\u00e9e a consenti au traitement de ses donn\u00e9es personnelles pour une ou plusieurs finalit\u00e9s sp\u00e9cifiques.<\/p><p><strong>Crit\u00e8res de conservation :<\/strong> les donn\u00e9es seront conserv\u00e9es pour une dur\u00e9e maximale d\u2019un an, apr\u00e8s quoi elles seront supprim\u00e9es en respectant la confidentialit\u00e9 aussi bien lors du traitement que de leur destruction. Si la personne souhaite continuer \u00e0 participer aux futurs processus de recrutement, elle devra renvoyer son CV. <span class=\"Apple-converted-space\"> <\/span><\/p><p><strong>Communication des donn\u00e9es :<\/strong> les donn\u00e9es ne seront pas communiqu\u00e9es \u00e0 des tiers, sauf obligation l\u00e9gale<span class=\"Apple-converted-space\">.<\/span> Aucun transfert international n\u2019est pr\u00e9vu.<\/p><p><strong>Droits de l\u2019Utilisateur :<\/strong><span class=\"Apple-converted-space\"> <\/span><\/p><ul><li>Droit de retirer le consentement \u00e0 tout moment.<\/li><li>Droit d\u2019acc\u00e8s, de rectification, de portabilit\u00e9, de suppression des donn\u00e9es, et de limitation ou d\u2019opposition \u00e0 leur traitement.<span class=\"Apple-converted-space\"> <\/span><\/li><li>Droit d\u2019introduire une r\u00e9clamation aupr\u00e8s de l\u2019autorit\u00e9 de contr\u00f4le (www.agpd.es) si le traitement ne respecte pas la r\u00e9glementation.<span class=\"Apple-converted-space\"> <\/span><\/li><\/ul><p> <\/p><p><em>Coordonn\u00e9es pour exercer vos droits : Voir Point 4<\/em><\/p>\t\t\t\t\t\t\t\t<\/div>\n\t\t\t\t<\/div>\n\t\t\t\t<div class=\"elementor-element elementor-element-626ec50 elementor-widget elementor-widget-heading\" data-id=\"626ec50\" data-element_type=\"widget\" data-e-type=\"widget\" data-widget_type=\"heading.default\">\n\t\t\t\t<div class=\"elementor-widget-container\">\n\t\t\t\t\t<h2 class=\"elementor-heading-title elementor-size-default\">4. Coordonn\u00e9es pour exercer vos droits<\/h2>\t\t\t\t<\/div>\n\t\t\t\t<\/div>\n\t\t\t\t<div class=\"elementor-element elementor-element-473e856 elementor-widget elementor-widget-text-editor\" data-id=\"473e856\" data-element_type=\"widget\" data-e-type=\"widget\" data-widget_type=\"text-editor.default\">\n\t\t\t\t<div class=\"elementor-widget-container\">\n\t\t\t\t\t\t\t\t\t<p>DEPURACIONES Y BOMBEOS ALEMPARTE, S.L.<br>NIF : B35365246<br>Adresse : Calle Juan de Gutenberg, n\u00ba5, C.P. 35013, Las Palmas de Gran Canaria, Espagne. <\/p><p>Email : <strong><a href=\"mailto:administracion@alemparte.net\">administracion@alemparte.net<\/a><\/strong><\/p>\t\t\t\t\t\t\t\t<\/div>\n\t\t\t\t<\/div>\n\t\t\t\t<div class=\"elementor-element elementor-element-f4392df elementor-widget elementor-widget-heading\" data-id=\"f4392df\" data-element_type=\"widget\" data-e-type=\"widget\" data-widget_type=\"heading.default\">\n\t\t\t\t<div class=\"elementor-widget-container\">\n\t\t\t\t\t<h2 class=\"elementor-heading-title elementor-size-default\">5. Caract\u00e8re obligatoire ou facultatif des informations fournies<\/h2>\t\t\t\t<\/div>\n\t\t\t\t<\/div>\n\t\t\t\t<div class=\"elementor-element elementor-element-4c0ace3 elementor-widget elementor-widget-text-editor\" data-id=\"4c0ace3\" data-element_type=\"widget\" data-e-type=\"widget\" data-widget_type=\"text-editor.default\">\n\t\t\t\t<div class=\"elementor-widget-container\">\n\t\t\t\t\t\t\t\t\t<p>Les Utilisateurs, en cochant les cases correspondantes et en saisissant leurs donn\u00e9es dans les champs marqu\u00e9s d\u2019un ast\u00e9risque (*) dans le formulaire de contact ou de t\u00e9l\u00e9chargement, acceptent express\u00e9ment, librement et sans \u00e9quivoque que leurs donn\u00e9es sont n\u00e9cessaires pour traiter leur demande par le prestataire. La saisie des donn\u00e9es dans les autres champs est facultative.<br><br><br>L\u2019Utilisateur garantit que les donn\u00e9es personnelles fournies sont exactes et s\u2019engage \u00e0 communiquer toute modification. Le RESPONSABLE garantit que les donn\u00e9es personnelles ne seront en aucun cas c\u00e9d\u00e9es \u00e0 des tiers, et qu\u2019en cas de transfert, le consentement expr\u00e8s, \u00e9clair\u00e9 et sans \u00e9quivoque de l\u2019Utilisateur sera demand\u00e9 au pr\u00e9alable.<br><br><br>Toutes les donn\u00e9es demand\u00e9es via le site web sont obligatoires, car elles sont n\u00e9cessaires pour fournir un service optimal. Si toutes les donn\u00e9es ne sont pas fournies, il ne peut \u00eatre garanti que les informations ou services propos\u00e9s r\u00e9pondent pleinement aux besoins de l\u2019utilisateur.    <span class=\"Apple-converted-space\"> <\/span><\/p>\t\t\t\t\t\t\t\t<\/div>\n\t\t\t\t<\/div>\n\t\t\t\t<div class=\"elementor-element elementor-element-228d628 elementor-widget elementor-widget-heading\" data-id=\"228d628\" data-element_type=\"widget\" data-e-type=\"widget\" data-widget_type=\"heading.default\">\n\t\t\t\t<div class=\"elementor-widget-container\">\n\t\t\t\t\t<h2 class=\"elementor-heading-title elementor-size-default\">6. Mesures de s\u00e9curit\u00e9<\/h2>\t\t\t\t<\/div>\n\t\t\t\t<\/div>\n\t\t\t\t<div class=\"elementor-element elementor-element-c4a9d3a elementor-widget elementor-widget-text-editor\" data-id=\"c4a9d3a\" data-element_type=\"widget\" data-e-type=\"widget\" data-widget_type=\"text-editor.default\">\n\t\t\t\t<div class=\"elementor-widget-container\">\n\t\t\t\t\t\t\t\t\t<p>Conform\u00e9ment \u00e0 la r\u00e9glementation en vigueur en mati\u00e8re de protection des donn\u00e9es, le RESPONSABLE respecte toutes les dispositions du RGPD et de la LOPDGDD dans le traitement des donn\u00e9es personnelles dont il est responsable, et en particulier les principes de l\u2019article 5 du RGPD et de l\u2019article 4 de la LOPDGDD. Les donn\u00e9es sont trait\u00e9es de mani\u00e8re licite, loyale et transparente, pertinentes et limit\u00e9es \u00e0 ce qui est n\u00e9cessaire au regard des finalit\u00e9s du traitement.<br><br><br>Le RESPONSABLE garantit avoir mis en place des politiques techniques et organisationnelles appropri\u00e9es pour appliquer les mesures de s\u00e9curit\u00e9 \u00e9tablies par le RGPD et la LOPDGDD, afin de prot\u00e9ger les droits et libert\u00e9s des Utilisateurs et leur fournir toutes les informations n\u00e9cessaires pour exercer ces droits. <\/p>\t\t\t\t\t\t\t\t<\/div>\n\t\t\t\t<\/div>\n\t\t\t\t<div class=\"elementor-element elementor-element-1503094 elementor-widget elementor-widget-heading\" data-id=\"1503094\" data-element_type=\"widget\" data-e-type=\"widget\" data-widget_type=\"heading.default\">\n\t\t\t\t<div class=\"elementor-widget-container\">\n\t\t\t\t\t<h2 class=\"elementor-heading-title elementor-size-default\">7. Liens<\/h2>\t\t\t\t<\/div>\n\t\t\t\t<\/div>\n\t\t\t\t<div class=\"elementor-element elementor-element-6b1574f elementor-widget elementor-widget-text-editor\" data-id=\"6b1574f\" data-element_type=\"widget\" data-e-type=\"widget\" data-widget_type=\"text-editor.default\">\n\t\t\t\t<div class=\"elementor-widget-container\">\n\t\t\t\t\t\t\t\t\tCette politique de confidentialit\u00e9 s\u2019applique uniquement au site web <strong><a href=\"http:\/\/www.alemparte.net\">www.alemparte.net<\/a><\/strong>. Elle ne s\u2019applique pas aux liens menant \u00e0 ou provenant de ce site vers d\u2019autres sites web.\t\t\t\t\t\t\t\t<\/div>\n\t\t\t\t<\/div>\n\t\t\t\t<div class=\"elementor-element elementor-element-c53e598 elementor-widget elementor-widget-heading\" data-id=\"c53e598\" data-element_type=\"widget\" data-e-type=\"widget\" data-widget_type=\"heading.default\">\n\t\t\t\t<div class=\"elementor-widget-container\">\n\t\t\t\t\t<h2 class=\"elementor-heading-title elementor-size-default\">8. Contenus du site<\/h2>\t\t\t\t<\/div>\n\t\t\t\t<\/div>\n\t\t\t\t<div class=\"elementor-element elementor-element-1b43fec elementor-widget elementor-widget-text-editor\" data-id=\"1b43fec\" data-element_type=\"widget\" data-e-type=\"widget\" data-widget_type=\"text-editor.default\">\n\t\t\t\t<div class=\"elementor-widget-container\">\n\t\t\t\t\t\t\t\t\t<p>Toute reproduction totale ou partielle, y compris la copie sur un autre support, est interdite sans l\u2019autorisation expresse de \u00ab\u202fDEPURACIONES Y BOMBEOS ALEMPARTE, S.L. \u00bb<\/p>\t\t\t\t\t\t\t\t<\/div>\n\t\t\t\t<\/div>\n\t\t\t\t\t<\/div>\n\t\t\t\t<\/div>\n\t\t\t\t<\/div>\n\t\t","protected":false},"excerpt":{"rendered":"<p>Politique de confidentialit\u00e9 1. Information \u00e0 l\u2019utilisateur \u00ab\u202fDEPURACIONES Y BOMBEOS ALEMPARTE, S.L.\u202f\u00bb, ci-apr\u00e8s le RESPONSABLE, est responsable du traitement des donn\u00e9es personnelles de l\u2019Utilisateur et informe que ces donn\u00e9es seront trait\u00e9es conform\u00e9ment aux r\u00e9glementations en vigueur en mati\u00e8re de protection des donn\u00e9es personnelles, notamment le R\u00e8glement (UE) 2016\/679 du 27 avril 2016 (RGPD), la Loi [&hellip;]<\/p>\n","protected":false},"author":1,"featured_media":0,"parent":0,"menu_order":0,"comment_status":"closed","ping_status":"closed","template":"elementor_header_footer","meta":{"footnotes":""},"class_list":["post-1875","page","type-page","status-publish","hentry"],"_links":{"self":[{"href":"https:\/\/alemparte.net\/fr\/wp-json\/wp\/v2\/pages\/1875","targetHints":{"allow":["GET"]}}],"collection":[{"href":"https:\/\/alemparte.net\/fr\/wp-json\/wp\/v2\/pages"}],"about":[{"href":"https:\/\/alemparte.net\/fr\/wp-json\/wp\/v2\/types\/page"}],"author":[{"embeddable":true,"href":"https:\/\/alemparte.net\/fr\/wp-json\/wp\/v2\/users\/1"}],"replies":[{"embeddable":true,"href":"https:\/\/alemparte.net\/fr\/wp-json\/wp\/v2\/comments?post=1875"}],"version-history":[{"count":8,"href":"https:\/\/alemparte.net\/fr\/wp-json\/wp\/v2\/pages\/1875\/revisions"}],"predecessor-version":[{"id":2921,"href":"https:\/\/alemparte.net\/fr\/wp-json\/wp\/v2\/pages\/1875\/revisions\/2921"}],"wp:attachment":[{"href":"https:\/\/alemparte.net\/fr\/wp-json\/wp\/v2\/media?parent=1875"}],"curies":[{"name":"wp","href":"https:\/\/api.w.org\/{rel}","templated":true}]}}