{"id":1881,"date":"2025-03-20T13:57:43","date_gmt":"2025-03-20T13:57:43","guid":{"rendered":"https:\/\/alemparte.net\/mentions-legales\/"},"modified":"2025-04-15T12:54:25","modified_gmt":"2025-04-15T12:54:25","slug":"mentions-legales","status":"publish","type":"page","link":"https:\/\/alemparte.net\/fr\/mentions-legales\/","title":{"rendered":"Mentions L\u00e9gales"},"content":{"rendered":"\t\t<div data-elementor-type=\"wp-page\" data-elementor-id=\"1881\" class=\"elementor elementor-1881 elementor-1187\" data-elementor-post-type=\"page\">\n\t\t\t\t<div class=\"elementor-element elementor-element-7b794c8 e-flex e-con-boxed e-con e-parent\" data-id=\"7b794c8\" data-element_type=\"container\" data-e-type=\"container\" id=\"heading\" data-settings=\"{&quot;background_background&quot;:&quot;classic&quot;}\">\n\t\t\t\t\t<div class=\"e-con-inner\">\n\t\t<div class=\"elementor-element elementor-element-7e30bc3 e-con-full e-flex e-con e-child\" data-id=\"7e30bc3\" data-element_type=\"container\" data-e-type=\"container\">\n\t\t\t\t<div class=\"elementor-element elementor-element-c64197e elementor-widget elementor-widget-heading\" data-id=\"c64197e\" data-element_type=\"widget\" data-e-type=\"widget\" data-widget_type=\"heading.default\">\n\t\t\t\t<div class=\"elementor-widget-container\">\n\t\t\t\t\t<h1 class=\"elementor-heading-title elementor-size-default\">Mentions L\u00e9gales<\/h1>\t\t\t\t<\/div>\n\t\t\t\t<\/div>\n\t\t\t\t<\/div>\n\t\t\t\t\t<\/div>\n\t\t\t\t<\/div>\n\t\t<div class=\"elementor-element elementor-element-25d5eb5 e-flex e-con-boxed e-con e-parent\" data-id=\"25d5eb5\" data-element_type=\"container\" data-e-type=\"container\">\n\t\t\t\t\t<div class=\"e-con-inner\">\n\t\t\t\t<div class=\"elementor-element elementor-element-0bd0b96 elementor-widget elementor-widget-text-editor\" data-id=\"0bd0b96\" data-element_type=\"widget\" data-e-type=\"widget\" data-widget_type=\"text-editor.default\">\n\t\t\t\t<div class=\"elementor-widget-container\">\n\t\t\t\t\t\t\t\t\t<p><b>Conform\u00e9ment au R\u00e8glement Europ\u00e9en (UE) 2016\/679 du 27 avril 2016 (RGPD), \u00e0 la Loi Organique 3\/2018 du 5 d\u00e9cembre relative \u00e0 la protection des donn\u00e9es personnelles et \u00e0 la garantie des droits num\u00e9riques, ainsi qu\u2019\u00e0 la Loi sur les Services de la Soci\u00e9t\u00e9 de l\u2019Information et le Commerce \u00c9lectronique (LSSICE), Loi 34\/2002 du 11 juillet, les informations suivantes sont fournies :   <\/b><b><\/b><\/p><p><a href=\"http:\/\/www.alemparte.net\"><b>www.alemparte.net<\/b><\/a><b> Ce domaine Internet appartient \u00e0 DEPURACIONES Y BOMBEOS ALEMPARTE, S.L., NIF B35365246, dont le si\u00e8ge social est situ\u00e9 Calle Juan de Gutenberg, n\u00ba5, 35013 Las Palmas de Gran Canaria, Las Palmas, Espagne. Soci\u00e9t\u00e9 inscrite au Registre du Commerce de Las Palmas, Tome 1168 ; Feuille 84 ; Premi\u00e8re inscription ; Feuille GC-1420.   <\/b><\/p><p><b>DEPURACIONES Y BOMBEOS ALEMPARTE, S.L., ci-apr\u00e8s le RESPONSABLE, met \u00e0 disposition des utilisateurs le pr\u00e9sent document, afin de respecter les obligations de la Loi 34\/2002 du 11 juillet sur les services de la soci\u00e9t\u00e9 de l\u2019information et le commerce \u00e9lectronique (LSSICE), BOE n\u00ba 166, et d\u2019informer tous les utilisateurs du site web sur les conditions d\u2019utilisation.<br><br><br>Toute personne acc\u00e9dant \u00e0 ce site web assume le r\u00f4le d\u2019utilisateur, s\u2019engageant \u00e0 l\u2019observation et au respect strict des dispositions ici expos\u00e9es, ainsi qu\u2019\u00e0 toute autre disposition l\u00e9gale applicable.<br><br><br>Le RESPONSABLE se r\u00e9serve le droit de modifier toute information pouvant appara\u00eetre sur le site, sans obligation de pr\u00e9avis ni d\u2019information des utilisateurs, la publication sur le site \u00e9tant consid\u00e9r\u00e9e comme suffisante.  <\/b><\/p>\t\t\t\t\t\t\t\t<\/div>\n\t\t\t\t<\/div>\n\t\t\t\t<div class=\"elementor-element elementor-element-177cb34 elementor-widget elementor-widget-heading\" data-id=\"177cb34\" data-element_type=\"widget\" data-e-type=\"widget\" data-widget_type=\"heading.default\">\n\t\t\t\t<div class=\"elementor-widget-container\">\n\t\t\t\t\t<h2 class=\"elementor-heading-title elementor-size-default\">1. Droits de propri\u00e9t\u00e9 intellectuelle et industrielle<\/h2>\t\t\t\t<\/div>\n\t\t\t\t<\/div>\n\t\t\t\t<div class=\"elementor-element elementor-element-0181ff6 elementor-widget elementor-widget-text-editor\" data-id=\"0181ff6\" data-element_type=\"widget\" data-e-type=\"widget\" data-widget_type=\"text-editor.default\">\n\t\t\t\t<div class=\"elementor-widget-container\">\n\t\t\t\t\t\t\t\t\t<p><b>Le site web, y compris, \u00e0 titre non limitatif, sa programmation, \u00e9dition, compilation, et autres \u00e9l\u00e9ments n\u00e9cessaires \u00e0 son fonctionnement, les designs, logos, textes et\/ou graphiques, est la propri\u00e9t\u00e9 du RESPONSABLE, ou, le cas \u00e9ch\u00e9ant, dispose d\u2019une licence ou autorisation expresse de la part des auteurs.<br><br><br>Tous les contenus du site sont d\u00fbment prot\u00e9g\u00e9s par la l\u00e9gislation en mati\u00e8re de propri\u00e9t\u00e9 intellectuelle et industrielle, ainsi que d\u00e9pos\u00e9s aupr\u00e8s des registres publics correspondants.<br><br><br>Quelle que soit la finalit\u00e9, la reproduction totale ou partielle, l\u2019utilisation, l\u2019exploitation, la distribution ou la commercialisation requi\u00e8rent l\u2019autorisation \u00e9crite pr\u00e9alable du RESPONSABLE. Toute utilisation non autoris\u00e9e est consid\u00e9r\u00e9e comme une violation grave des droits de propri\u00e9t\u00e9 intellectuelle ou industrielle de l\u2019auteur.<br><br><br>Les designs, logos, textes et\/ou graphiques ne relevant pas du RESPONSABLE et pouvant appara\u00eetre sur le site appartiennent \u00e0 leurs propri\u00e9taires respectifs, qui sont responsables de tout litige \u00e9ventuel les concernant.<br>Le RESPONSABLE autorise express\u00e9ment les tiers \u00e0 rediriger directement vers des contenus sp\u00e9cifiques du site, et en tout cas vers la page d\u2019accueil.      <\/b><a href=\"http:\/\/www.alemparte.net\"><b>www.alemparte.net<\/b><b><\/b><\/a><\/p><p><b>Le RESPONSABLE reconna\u00eet les droits de propri\u00e9t\u00e9 intellectuelle et industrielle de leurs titulaires respectifs. Leur simple mention ou apparition sur le site n\u2019implique pas l\u2019existence de droits ou de responsabilit\u00e9 sur ceux-ci, ni un appui, parrainage ou recommandation de sa part.<span class=\"Apple-converted-space\"> <\/span><\/b><\/p><p><b>Pour signaler toute violation potentielle des droits de propri\u00e9t\u00e9 intellectuelle ou industrielle, ou tout contenu du site, vous pouvez contacter :<\/b><a href=\"mailto:administracion@alemparte.net\"><b> administracion@alemparte.net<\/b><\/a><b><span class=\"Apple-converted-space\"> <\/span><\/b><b> <span class=\"Apple-converted-space\"> <\/span><\/b><\/p>\t\t\t\t\t\t\t\t<\/div>\n\t\t\t\t<\/div>\n\t\t\t\t<div class=\"elementor-element elementor-element-8c10cbb elementor-widget elementor-widget-heading\" data-id=\"8c10cbb\" data-element_type=\"widget\" data-e-type=\"widget\" data-widget_type=\"heading.default\">\n\t\t\t\t<div class=\"elementor-widget-container\">\n\t\t\t\t\t<h2 class=\"elementor-heading-title elementor-size-default\">2. Exon\u00e9ration de responsabilit\u00e9<\/h2>\t\t\t\t<\/div>\n\t\t\t\t<\/div>\n\t\t\t\t<div class=\"elementor-element elementor-element-1fe9b0f elementor-widget elementor-widget-text-editor\" data-id=\"1fe9b0f\" data-element_type=\"widget\" data-e-type=\"widget\" data-widget_type=\"text-editor.default\">\n\t\t\t\t<div class=\"elementor-widget-container\">\n\t\t\t\t\t\t\t\t\t<p><b>Le RESPONSABLE d\u00e9cline toute responsabilit\u00e9 concernant les informations publi\u00e9es sur son site si celles-ci ont \u00e9t\u00e9 manipul\u00e9es ou introduites par un tiers ind\u00e9pendant.<span class=\"Apple-converted-space\"> <\/span><\/b><\/p><p><b>Utilisation de cookies<span class=\"Apple-converted-space\"> <\/span><\/b><\/p><p>Ce site web peut utiliser des cookies techniques (petits fichiers envoy\u00e9s par le serveur \u00e0 l\u2019appareil de l\u2019utilisateur) afin de r\u00e9aliser certaines fonctions essentielles au bon fonctionnement et \u00e0 la visualisation du site. Les cookies utilis\u00e9s sont temporaires et ont pour seule finalit\u00e9 de faciliter la navigation ; ils sont supprim\u00e9s \u00e0 la fin de la session utilisateur. <\/p>\t\t\t\t\t\t\t\t<\/div>\n\t\t\t\t<\/div>\n\t\t\t\t<div class=\"elementor-element elementor-element-6ec1356 elementor-widget elementor-widget-button\" data-id=\"6ec1356\" data-element_type=\"widget\" data-e-type=\"widget\" data-widget_type=\"button.default\">\n\t\t\t\t<div class=\"elementor-widget-container\">\n\t\t\t\t\t\t\t\t\t<div class=\"elementor-button-wrapper\">\n\t\t\t\t\t<a class=\"elementor-button elementor-button-link elementor-size-sm\" href=\"https:\/\/alemparte.net\/fr\/politique-de-cookies\/\">\n\t\t\t\t\t\t<span class=\"elementor-button-content-wrapper\">\n\t\t\t\t\t\t\t\t\t<span class=\"elementor-button-text\">Voir la Politique de Cookies<\/span>\n\t\t\t\t\t<\/span>\n\t\t\t\t\t<\/a>\n\t\t\t\t<\/div>\n\t\t\t\t\t\t\t\t<\/div>\n\t\t\t\t<\/div>\n\t\t\t\t<div class=\"elementor-element elementor-element-e99f120 elementor-widget elementor-widget-text-editor\" data-id=\"e99f120\" data-element_type=\"widget\" data-e-type=\"widget\" data-widget_type=\"text-editor.default\">\n\t\t\t\t<div class=\"elementor-widget-container\">\n\t\t\t\t\t\t\t\t\t<p><b>Politique de liens<\/b><\/p><p>Depuis ce site web, il est possible d\u2019acc\u00e9der \u00e0 des contenus de sites tiers. Le RESPONSABLE ne pouvant contr\u00f4ler en permanence les contenus des sites tiers, il d\u00e9cline toute responsabilit\u00e9 quant \u00e0 ces contenus.<br><br><br>Cependant, tout contenu pouvant contrevenir \u00e0 la l\u00e9gislation nationale ou internationale, \u00e0 la morale ou \u00e0 l\u2019ordre public sera imm\u00e9diatement supprim\u00e9, de m\u00eame que les liens redirigeant vers ces sites, et les autorit\u00e9s comp\u00e9tentes seront inform\u00e9es.<br><br><br>Le RESPONSABLE n\u2019est pas responsable des informations et contenus stock\u00e9s, notamment dans des forums, chats, blogs, commentaires, r\u00e9seaux sociaux ou tout autre support permettant \u00e0 des tiers de publier du contenu de mani\u00e8re ind\u00e9pendante sur le site.<br><br><br>Toutefois, conform\u00e9ment aux articles 11 et 16 de la LSSICE, le site est mis \u00e0 disposition des utilisateurs, autorit\u00e9s et forces de s\u00e9curit\u00e9 afin de collaborer activement \u00e0 la suppression ou au blocage de tout contenu pouvant affecter ou contrevenir \u00e0 la l\u00e9gislation, aux droits de tiers, \u00e0 la morale ou \u00e0 l\u2019ordre public.<br><br><br>Si l\u2019utilisateur consid\u00e8re qu\u2019un contenu du site rel\u00e8ve de cette cat\u00e9gorie, il est pri\u00e9 de le signaler imm\u00e9diatement \u00e0 l\u2019administrateur du site.<br><br><br>Ce site a \u00e9t\u00e9 v\u00e9rifi\u00e9 et test\u00e9 pour garantir son bon fonctionnement. En principe, un fonctionnement correct est garanti 24h\/24 et 365 jours\/an. Toutefois, le RESPONSABLE n\u2019exclut pas l\u2019\u00e9ventualit\u00e9 d\u2019erreurs de programmation ou d\u2019\u00e9v\u00e9nements de force majeure (catastrophes naturelles, gr\u00e8ves, etc.) qui rendraient l\u2019acc\u00e8s au site impossible.        <\/p><p><b>Adresses IP<\/b><\/p><p>Les serveurs du site peuvent d\u00e9tecter automatiquement l\u2019adresse IP et le nom de domaine utilis\u00e9s par l\u2019utilisateur. Une adresse IP est un num\u00e9ro attribu\u00e9 automatiquement \u00e0 un appareil lorsqu\u2019il se connecte \u00e0 Internet. Ces informations sont enregistr\u00e9es dans un fichier journal du serveur d\u00fbment d\u00e9clar\u00e9, permettant le traitement ult\u00e9rieur des donn\u00e9es \u00e0 des fins purement statistiques : nombre d\u2019impressions, nombre de visites, ordre des visites, point d\u2019acc\u00e8s, etc.  <span class=\"Apple-converted-space\"> <\/span><\/p>\t\t\t\t\t\t\t\t<\/div>\n\t\t\t\t<\/div>\n\t\t\t\t<div class=\"elementor-element elementor-element-f1e1759 elementor-widget elementor-widget-heading\" data-id=\"f1e1759\" data-element_type=\"widget\" data-e-type=\"widget\" data-widget_type=\"heading.default\">\n\t\t\t\t<div class=\"elementor-widget-container\">\n\t\t\t\t\t<h2 class=\"elementor-heading-title elementor-size-default\">3. Loi applicable et juridiction<\/h2>\t\t\t\t<\/div>\n\t\t\t\t<\/div>\n\t\t\t\t<div class=\"elementor-element elementor-element-00118a6 elementor-widget elementor-widget-text-editor\" data-id=\"00118a6\" data-element_type=\"widget\" data-e-type=\"widget\" data-widget_type=\"text-editor.default\">\n\t\t\t\t<div class=\"elementor-widget-container\">\n\t\t\t\t\t\t\t\t\t<p><b>Pour toute controverse ou question li\u00e9e au pr\u00e9sent site web ou aux activit\u00e9s qui y sont men\u00e9es, la l\u00e9gislation espagnole sera applicable. Les parties se soumettent express\u00e9ment \u00e0 celle-ci, et les tribunaux comp\u00e9tents pour la r\u00e9solution des conflits seront ceux les plus proches de Las Palmas de Gran Canaria.<\/b><\/p><p><b>Le contenu, l\u2019organisation et la s\u00e9lection des liens propos\u00e9s ont \u00e9t\u00e9 s\u00e9lectionn\u00e9s et coordonn\u00e9s par DEPURACIONES Y BOMBEOS ALEMPARTE, S.L.<span class=\"Apple-converted-space\"> <\/span><\/b><\/p><p><b>La reproduction totale ou partielle du contenu de ce site est interdite sans mention de la source ou autorisation expresse.<\/b><\/p>\t\t\t\t\t\t\t\t<\/div>\n\t\t\t\t<\/div>\n\t\t\t\t\t<\/div>\n\t\t\t\t<\/div>\n\t\t\t\t<\/div>\n\t\t","protected":false},"excerpt":{"rendered":"<p>Mentions L\u00e9gales Conform\u00e9ment au R\u00e8glement Europ\u00e9en (UE) 2016\/679 du 27 avril 2016 (RGPD), \u00e0 la Loi Organique 3\/2018 du 5 d\u00e9cembre relative \u00e0 la protection des donn\u00e9es personnelles et \u00e0 la garantie des droits num\u00e9riques, ainsi qu\u2019\u00e0 la Loi sur les Services de la Soci\u00e9t\u00e9 de l\u2019Information et le Commerce \u00c9lectronique (LSSICE), Loi 34\/2002 du [&hellip;]<\/p>\n","protected":false},"author":2,"featured_media":0,"parent":0,"menu_order":0,"comment_status":"closed","ping_status":"closed","template":"elementor_header_footer","meta":{"footnotes":""},"class_list":["post-1881","page","type-page","status-publish","hentry"],"_links":{"self":[{"href":"https:\/\/alemparte.net\/fr\/wp-json\/wp\/v2\/pages\/1881","targetHints":{"allow":["GET"]}}],"collection":[{"href":"https:\/\/alemparte.net\/fr\/wp-json\/wp\/v2\/pages"}],"about":[{"href":"https:\/\/alemparte.net\/fr\/wp-json\/wp\/v2\/types\/page"}],"author":[{"embeddable":true,"href":"https:\/\/alemparte.net\/fr\/wp-json\/wp\/v2\/users\/2"}],"replies":[{"embeddable":true,"href":"https:\/\/alemparte.net\/fr\/wp-json\/wp\/v2\/comments?post=1881"}],"version-history":[{"count":8,"href":"https:\/\/alemparte.net\/fr\/wp-json\/wp\/v2\/pages\/1881\/revisions"}],"predecessor-version":[{"id":2939,"href":"https:\/\/alemparte.net\/fr\/wp-json\/wp\/v2\/pages\/1881\/revisions\/2939"}],"wp:attachment":[{"href":"https:\/\/alemparte.net\/fr\/wp-json\/wp\/v2\/media?parent=1881"}],"curies":[{"name":"wp","href":"https:\/\/api.w.org\/{rel}","templated":true}]}}