{"id":1877,"date":"2025-01-21T12:46:16","date_gmt":"2025-01-21T12:46:16","guid":{"rendered":"https:\/\/alemparte.net\/politica-de-privacidade\/"},"modified":"2025-04-15T12:53:34","modified_gmt":"2025-04-15T12:53:34","slug":"politica-de-privacidade","status":"publish","type":"page","link":"https:\/\/alemparte.net\/pt-pt\/politica-de-privacidade\/","title":{"rendered":"Pol\u00edtica de Privacidade"},"content":{"rendered":"\t\t<div data-elementor-type=\"wp-page\" data-elementor-id=\"1877\" class=\"elementor elementor-1877 elementor-3\" data-elementor-post-type=\"page\">\n\t\t\t\t<div class=\"elementor-element elementor-element-2cd275c e-flex e-con-boxed e-con e-parent\" data-id=\"2cd275c\" data-element_type=\"container\" data-e-type=\"container\" id=\"heading\" data-settings=\"{&quot;background_background&quot;:&quot;classic&quot;}\">\n\t\t\t\t\t<div class=\"e-con-inner\">\n\t\t<div class=\"elementor-element elementor-element-d8b4a63 e-con-full e-flex e-con e-child\" data-id=\"d8b4a63\" data-element_type=\"container\" data-e-type=\"container\">\n\t\t\t\t<div class=\"elementor-element elementor-element-097daa0 elementor-widget elementor-widget-heading\" data-id=\"097daa0\" data-element_type=\"widget\" data-e-type=\"widget\" data-widget_type=\"heading.default\">\n\t\t\t\t<div class=\"elementor-widget-container\">\n\t\t\t\t\t<h1 class=\"elementor-heading-title elementor-size-default\">Pol\u00edtica de Privacidade<\/h1>\t\t\t\t<\/div>\n\t\t\t\t<\/div>\n\t\t\t\t<\/div>\n\t\t\t\t\t<\/div>\n\t\t\t\t<\/div>\n\t\t<div class=\"elementor-element elementor-element-031bb91 e-flex e-con-boxed e-con e-parent\" data-id=\"031bb91\" data-element_type=\"container\" data-e-type=\"container\">\n\t\t\t\t\t<div class=\"e-con-inner\">\n\t\t\t\t<div class=\"elementor-element elementor-element-eb3f461 elementor-widget elementor-widget-heading\" data-id=\"eb3f461\" data-element_type=\"widget\" data-e-type=\"widget\" data-widget_type=\"heading.default\">\n\t\t\t\t<div class=\"elementor-widget-container\">\n\t\t\t\t\t<h2 class=\"elementor-heading-title elementor-size-default\">1. Informa\u00e7\u00e3o ao Utilizador<\/h2>\t\t\t\t<\/div>\n\t\t\t\t<\/div>\n\t\t\t\t<div class=\"elementor-element elementor-element-766939e elementor-widget elementor-widget-text-editor\" data-id=\"766939e\" data-element_type=\"widget\" data-e-type=\"widget\" data-widget_type=\"text-editor.default\">\n\t\t\t\t<div class=\"elementor-widget-container\">\n\t\t\t\t\t\t\t\t\t<p><b>\u201cDEPURACIONES Y BOMBEOS ALEMPARTE, S.L.\u201d, doravante RESPONS\u00c1VEL, \u00e9 a entidade respons\u00e1vel pelo tratamento dos dados pessoais do Utilizador e informa que os referidos dados ser\u00e3o tratados em conformidade com as normas vigentes em mat\u00e9ria de prote\u00e7\u00e3o de dados pessoais, nomeadamente o Regulamento (UE) 2016\/679 de 27 de abril de 2016 (RGPD), a Lei Org\u00e2nica 3\/2018, de 5 de dezembro, de Prote\u00e7\u00e3o de Dados Pessoais e Garantia dos Direitos Digitais, bem como a Lei dos Servi\u00e7os da Sociedade da Informa\u00e7\u00e3o e do Com\u00e9rcio Eletr\u00f3nico (LSSI-CE), Lei 34\/2002, de 11 de julho. Apresentamos a seguir as informa\u00e7\u00f5es relativas ao tratamento:   <\/b><\/p><p><strong>Finalidade do tratamento: <\/strong>manter uma rela\u00e7\u00e3o comercial com o Utilizador. As opera\u00e7\u00f5es previstas s\u00e3o: <span class=\"Apple-converted-space\"> <\/span><\/p><p><strong>Base legal:<\/strong> RGPD Art. 6.1.a) O titular dos dados deu o seu consentimento para o tratamento dos seus dados pessoais para uma ou mais finalidades espec\u00edficas.<\/p><p>Envio de comunica\u00e7\u00f5es comerciais ou promocionais por e-mail, fax, SMS, MMS, redes sociais ou qualquer outro meio eletr\u00f3nico ou f\u00edsico, atual ou futuro, que permita a comunica\u00e7\u00e3o comercial. Estas comunica\u00e7\u00f5es ser\u00e3o realizadas pelo RESPONS\u00c1VEL e estar\u00e3o relacionadas com os seus produtos e servi\u00e7os, ou com os dos seus parceiros ou fornecedores com os quais tenha acordos promocionais. Em nenhum caso os terceiros ter\u00e3o acesso aos dados pessoais. Realiza\u00e7\u00e3o de estudos estat\u00edsticos. Gest\u00e3o de pedidos, or\u00e7amentos, solicita\u00e7\u00f5es ou qualquer tipo de contacto realizado pelo utilizador atrav\u00e9s das formas disponibilizadas. Envio da newsletter do website.     <span class=\"Apple-converted-space\"> <\/span><\/p><p><strong>Crit\u00e9rios de conserva\u00e7\u00e3o dos dados: <\/strong>os dados ser\u00e3o conservados pelo tempo estritamente necess\u00e1rio para cumprir a finalidade do tratamento e, quando j\u00e1 n\u00e3o forem necess\u00e1rios, ser\u00e3o eliminados com medidas de seguran\u00e7a adequadas que garantam a pseudonimiza\u00e7\u00e3o ou a destrui\u00e7\u00e3o total dos dados.<span class=\"Apple-converted-space\"> <\/span><\/p><p><strong>Comunica\u00e7\u00e3o de dados:<\/strong> os dados n\u00e3o ser\u00e3o comunicados a terceiros, salvo obriga\u00e7\u00e3o legal. N\u00e3o est\u00e1 prevista transfer\u00eancia internacional de dados. <\/p><p><strong>Direitos do Utilizador:<span class=\"Apple-converted-space\"> <\/span><\/strong><\/p><ul><li>Direito de retirar o consentimento em qualquer momento.<\/li><li>Direito de acesso, retifica\u00e7\u00e3o, portabilidade e elimina\u00e7\u00e3o dos dados, bem como limita\u00e7\u00e3o ou oposi\u00e7\u00e3o ao seu tratamento.<span class=\"Apple-converted-space\"> <\/span><\/li><li>Derecho a presentar una reclamaci\u00f3n ante la autoridad de control (<a href=\"https:\/\/www.aepd.es\/reglamento\/derechos\/index.html\" target=\"_blank\" rel=\"noopener\">https:\/\/www.aepd.es\/<\/a><a href=\"https:\/\/www.aepd.es\/reglamento\/derechos\/index.html\" target=\"_blank\" rel=\"noopener\">reglamento\/ derechos\/index.html<\/a>) si considera que el tratamiento no se ajusta a la normativa vigente. <a href=\"http:\/\/www.agpd.es\" target=\"_blank\" rel=\"noopener\">www.agpd.es<\/a>. Calle Jorge Juan 6, 28001. Madrid.  <\/li><\/ul><p><em>Dados de contacto para o exerc\u00edcio dos direitos: Ver Ponto 4<\/em><\/p>\t\t\t\t\t\t\t\t<\/div>\n\t\t\t\t<\/div>\n\t\t\t\t<div class=\"elementor-element elementor-element-ab24650 elementor-widget elementor-widget-heading\" data-id=\"ab24650\" data-element_type=\"widget\" data-e-type=\"widget\" data-widget_type=\"heading.default\">\n\t\t\t\t<div class=\"elementor-widget-container\">\n\t\t\t\t\t<h2 class=\"elementor-heading-title elementor-size-default\">2. Aba \u201cContacto\u201d \u2013 Informa\u00e7\u00e3o Adicional <\/h2>\t\t\t\t<\/div>\n\t\t\t\t<\/div>\n\t\t\t\t<div class=\"elementor-element elementor-element-163595f elementor-widget elementor-widget-text-editor\" data-id=\"163595f\" data-element_type=\"widget\" data-e-type=\"widget\" data-widget_type=\"text-editor.default\">\n\t\t\t\t<div class=\"elementor-widget-container\">\n\t\t\t\t\t\t\t\t\t<p><strong>Finalidade do tratamento:<\/strong> responder a quaisquer consultas, pedidos de informa\u00e7\u00e3o, sugest\u00f5es ou solicita\u00e7\u00f5es sobre os nossos produtos ou servi\u00e7os.<\/p><p><strong>Base legal:<\/strong> RGPD Art. 6.1.a) O titular dos dados deu o seu consentimento para uma ou mais finalidades espec\u00edficas.<\/p><p><strong>Crit\u00e9rios de conserva\u00e7\u00e3o dos dados: <\/strong>os dados ser\u00e3o conservados apenas pelo tempo necess\u00e1rio. Quando deixarem de ser necess\u00e1rios, ser\u00e3o eliminados com medidas de seguran\u00e7a adequadas.<\/p><p><strong>Comunica\u00e7\u00e3o de dados:<\/strong> os dados n\u00e3o ser\u00e3o comunicados a terceiros, salvo obriga\u00e7\u00e3o legal. N\u00e3o est\u00e1 prevista transfer\u00eancia internacional de dados. <\/p><p><strong>Direitos do Utilizador:<span class=\"Apple-converted-space\"> <\/span><\/strong><\/p><ul><li>Direito de retirar o consentimento em qualquer momento.<\/li><li>Direito de acesso, retifica\u00e7\u00e3o, portabilidade e elimina\u00e7\u00e3o dos dados, bem como limita\u00e7\u00e3o ou oposi\u00e7\u00e3o ao seu tratamento.<span class=\"Apple-converted-space\"> <\/span><\/li><li>Derecho a presentar una reclamaci\u00f3n ante la autoridad de control <a href=\"https:\/\/www.aepd.es\/reglamento\/derechos\/index.html\" target=\"_blank\" rel=\"noopener\">(https:\/\/www.aepd.es\/reglamento\/ derechos\/index.html)<\/a> si considera que el tratamiento no se ajusta a la normativa vigente. <a href=\"http:\/\/www.agpd.es\" target=\"_blank\" rel=\"noopener\">www.agpd.es<\/a>. Calle Jorge Juan 6, 28001. Madrid.  <\/li><\/ul><p><em>Dados de contacto para o exerc\u00edcio dos direitos: Ver Ponto 4<\/em><\/p>\t\t\t\t\t\t\t\t<\/div>\n\t\t\t\t<\/div>\n\t\t\t\t<div class=\"elementor-element elementor-element-0e7bee5 elementor-widget elementor-widget-heading\" data-id=\"0e7bee5\" data-element_type=\"widget\" data-e-type=\"widget\" data-widget_type=\"heading.default\">\n\t\t\t\t<div class=\"elementor-widget-container\">\n\t\t\t\t\t<h2 class=\"elementor-heading-title elementor-size-default\">3. Aba \u201cTrabalha connosco\u201d \u2013 Informa\u00e7\u00e3o Adicional <\/h2>\t\t\t\t<\/div>\n\t\t\t\t<\/div>\n\t\t\t\t<div class=\"elementor-element elementor-element-740323e elementor-widget elementor-widget-text-editor\" data-id=\"740323e\" data-element_type=\"widget\" data-e-type=\"widget\" data-widget_type=\"text-editor.default\">\n\t\t\t\t<div class=\"elementor-widget-container\">\n\t\t\t\t\t\t\t\t\t<p><strong>Finalidade do tratamento<\/strong>: integrar o candidato nos processos de sele\u00e7\u00e3o de pessoal, realizando uma an\u00e1lise do perfil com o objetivo de selecionar o melhor candidato para a vaga dispon\u00edvel.<\/p><p><strong>Base legal:<\/strong> RGPD Art. 6.1.a) O titular dos dados deu o seu consentimento para uma ou mais finalidades espec\u00edficas.<\/p><p><strong>Crit\u00e9rios de conserva\u00e7\u00e3o dos dados<\/strong>: os dados ser\u00e3o conservados durante um per\u00edodo m\u00e1ximo de um ano, ap\u00f3s o qual ser\u00e3o eliminados com total respeito pela confidencialidade, tanto no tratamento como na destrui\u00e7\u00e3o. <span class=\"Apple-converted-space\"> <\/span><\/p><p><strong>Comunica\u00e7\u00e3o de dados:<\/strong> os dados n\u00e3o ser\u00e3o comunicados a terceiros, salvo obriga\u00e7\u00e3o legal<span class=\"Apple-converted-space\">. <\/span>N\u00e3o est\u00e1 prevista transfer\u00eancia internacional de dados.<\/p><p><strong>Direitos do Utilizador:<\/strong><span class=\"Apple-converted-space\"> <\/span><\/p><ul><li>Direito de retirar o consentimento em qualquer momento.<\/li><li>Direito de acesso, retifica\u00e7\u00e3o, portabilidade e elimina\u00e7\u00e3o dos dados, bem como limita\u00e7\u00e3o ou oposi\u00e7\u00e3o ao seu tratamento.<span class=\"Apple-converted-space\"> <\/span><\/li><li>Direito de apresentar reclama\u00e7\u00e3o \u00e0 autoridade de controlo (www.agpd.es) caso considere que o tratamento n\u00e3o est\u00e1 conforme \u00e0 legisla\u00e7\u00e3o.<span class=\"Apple-converted-space\"> <\/span><\/li><\/ul><p> <\/p><p><em>Dados de contacto para o exerc\u00edcio dos direitos: Ver Ponto 4<\/em><\/p>\t\t\t\t\t\t\t\t<\/div>\n\t\t\t\t<\/div>\n\t\t\t\t<div class=\"elementor-element elementor-element-626ec50 elementor-widget elementor-widget-heading\" data-id=\"626ec50\" data-element_type=\"widget\" data-e-type=\"widget\" data-widget_type=\"heading.default\">\n\t\t\t\t<div class=\"elementor-widget-container\">\n\t\t\t\t\t<h2 class=\"elementor-heading-title elementor-size-default\">4. Dados de contacto para o exerc\u00edcio dos direitos<\/h2>\t\t\t\t<\/div>\n\t\t\t\t<\/div>\n\t\t\t\t<div class=\"elementor-element elementor-element-473e856 elementor-widget elementor-widget-text-editor\" data-id=\"473e856\" data-element_type=\"widget\" data-e-type=\"widget\" data-widget_type=\"text-editor.default\">\n\t\t\t\t<div class=\"elementor-widget-container\">\n\t\t\t\t\t\t\t\t\t<p>DEPURACIONES Y BOMBEOS ALEMPARTE, S.L.<br>NIF: B35365246<br>Endere\u00e7o: Calle Juan de Gutenberg, n\u00ba5, C.P. 35013, Las Palmas de Gran Canaria, Espanha. <\/p><p>Email: <strong><a href=\"mailto:administracion@alemparte.net\">administracion@alemparte.net<\/a><\/strong><\/p>\t\t\t\t\t\t\t\t<\/div>\n\t\t\t\t<\/div>\n\t\t\t\t<div class=\"elementor-element elementor-element-f4392df elementor-widget elementor-widget-heading\" data-id=\"f4392df\" data-element_type=\"widget\" data-e-type=\"widget\" data-widget_type=\"heading.default\">\n\t\t\t\t<div class=\"elementor-widget-container\">\n\t\t\t\t\t<h2 class=\"elementor-heading-title elementor-size-default\">5. Car\u00e1ter obrigat\u00f3rio ou facultativo das informa\u00e7\u00f5es fornecidas<\/h2>\t\t\t\t<\/div>\n\t\t\t\t<\/div>\n\t\t\t\t<div class=\"elementor-element elementor-element-4c0ace3 elementor-widget elementor-widget-text-editor\" data-id=\"4c0ace3\" data-element_type=\"widget\" data-e-type=\"widget\" data-widget_type=\"text-editor.default\">\n\t\t\t\t<div class=\"elementor-widget-container\">\n\t\t\t\t\t\t\t\t\t<p>Os Utilizadores, ao assinalarem as caixas correspondentes e preencherem os campos marcados com um asterisco (*) nos formul\u00e1rios de contacto ou de descarga, aceitam expressa, livre e inequivocamente que os seus dados s\u00e3o necess\u00e1rios para que o prestador possa atender ao seu pedido. A inclus\u00e3o de dados nos campos restantes \u00e9 facultativa.<br><br><br>O Utilizador garante que os dados pessoais fornecidos s\u00e3o verdadeiros e compromete-se a comunicar qualquer altera\u00e7\u00e3o. O RESPONS\u00c1VEL informa expressamente que os dados pessoais n\u00e3o ser\u00e3o, em caso algum, cedidos a terceiros, e que, caso ocorra qualquer transfer\u00eancia, ser\u00e1 sempre solicitado o consentimento pr\u00e9vio, expl\u00edcito e informado do Utilizador.<br><br><br>Todos os dados solicitados atrav\u00e9s do website s\u00e3o obrigat\u00f3rios, pois s\u00e3o necess\u00e1rios para a presta\u00e7\u00e3o de um servi\u00e7o \u00f3timo. Se nem todos os dados forem fornecidos, n\u00e3o se pode garantir que a informa\u00e7\u00e3o e os servi\u00e7os correspondam totalmente \u00e0s necessidades do Utilizador.    <span class=\"Apple-converted-space\"> <\/span><\/p>\t\t\t\t\t\t\t\t<\/div>\n\t\t\t\t<\/div>\n\t\t\t\t<div class=\"elementor-element elementor-element-228d628 elementor-widget elementor-widget-heading\" data-id=\"228d628\" data-element_type=\"widget\" data-e-type=\"widget\" data-widget_type=\"heading.default\">\n\t\t\t\t<div class=\"elementor-widget-container\">\n\t\t\t\t\t<h2 class=\"elementor-heading-title elementor-size-default\">6. Medidas de seguran\u00e7a<\/h2>\t\t\t\t<\/div>\n\t\t\t\t<\/div>\n\t\t\t\t<div class=\"elementor-element elementor-element-c4a9d3a elementor-widget elementor-widget-text-editor\" data-id=\"c4a9d3a\" data-element_type=\"widget\" data-e-type=\"widget\" data-widget_type=\"text-editor.default\">\n\t\t\t\t<div class=\"elementor-widget-container\">\n\t\t\t\t\t\t\t\t\t<p>Em conformidade com as normas vigentes em prote\u00e7\u00e3o de dados pessoais, o RESPONS\u00c1VEL cumpre todas as disposi\u00e7\u00f5es do RGPD e da LOPDGDD no tratamento dos dados sob a sua responsabilidade.<br>Em particular, cumpre os princ\u00edpios do artigo 5.\u00ba do RGPD e do artigo 4.\u00ba da LOPDGDD: legalidade, lealdade, transpar\u00eancia, adequa\u00e7\u00e3o, pertin\u00eancia e limita\u00e7\u00e3o ao necess\u00e1rio para as finalidades espec\u00edficas.<br><br><br>O RESPONS\u00c1VEL garante que implementou pol\u00edticas t\u00e9cnicas e organizativas adequadas para aplicar as medidas de seguran\u00e7a exigidas pelo RGPD e pela LOPDGDD, a fim de proteger os direitos e liberdades dos Utilizadores, e que forneceu as informa\u00e7\u00f5es necess\u00e1rias para que possam exerc\u00ea-los. <\/p>\t\t\t\t\t\t\t\t<\/div>\n\t\t\t\t<\/div>\n\t\t\t\t<div class=\"elementor-element elementor-element-1503094 elementor-widget elementor-widget-heading\" data-id=\"1503094\" data-element_type=\"widget\" data-e-type=\"widget\" data-widget_type=\"heading.default\">\n\t\t\t\t<div class=\"elementor-widget-container\">\n\t\t\t\t\t<h2 class=\"elementor-heading-title elementor-size-default\">7. Liga\u00e7\u00f5es<\/h2>\t\t\t\t<\/div>\n\t\t\t\t<\/div>\n\t\t\t\t<div class=\"elementor-element elementor-element-6b1574f elementor-widget elementor-widget-text-editor\" data-id=\"6b1574f\" data-element_type=\"widget\" data-e-type=\"widget\" data-widget_type=\"text-editor.default\">\n\t\t\t\t<div class=\"elementor-widget-container\">\n\t\t\t\t\t\t\t\t\tEsta pol\u00edtica de privacidade aplica-se apenas ao website <strong><a href=\"http:\/\/www.alemparte.net\">www.alemparte.net<\/a><\/strong>. N\u00e3o se garante a mesma pol\u00edtica nos acessos por links a partir deste site ou a sites externos que contenham links para este dom\u00ednio.\t\t\t\t\t\t\t\t<\/div>\n\t\t\t\t<\/div>\n\t\t\t\t<div class=\"elementor-element elementor-element-c53e598 elementor-widget elementor-widget-heading\" data-id=\"c53e598\" data-element_type=\"widget\" data-e-type=\"widget\" data-widget_type=\"heading.default\">\n\t\t\t\t<div class=\"elementor-widget-container\">\n\t\t\t\t\t<h2 class=\"elementor-heading-title elementor-size-default\">8. Conte\u00fados do site<\/h2>\t\t\t\t<\/div>\n\t\t\t\t<\/div>\n\t\t\t\t<div class=\"elementor-element elementor-element-1b43fec elementor-widget elementor-widget-text-editor\" data-id=\"1b43fec\" data-element_type=\"widget\" data-e-type=\"widget\" data-widget_type=\"text-editor.default\">\n\t\t\t\t<div class=\"elementor-widget-container\">\n\t\t\t\t\t\t\t\t\t<p>\u00c9 proibida a reprodu\u00e7\u00e3o total ou parcial, incluindo a transfer\u00eancia do conte\u00fado para qualquer suporte, sem a autoriza\u00e7\u00e3o expressa de \u201cDEPURACIONES Y BOMBEOS ALEMPARTE, S.L.\u201d<\/p>\t\t\t\t\t\t\t\t<\/div>\n\t\t\t\t<\/div>\n\t\t\t\t\t<\/div>\n\t\t\t\t<\/div>\n\t\t\t\t<\/div>\n\t\t","protected":false},"excerpt":{"rendered":"<p>Pol\u00edtica de Privacidade 1. Informa\u00e7\u00e3o ao Utilizador \u201cDEPURACIONES Y BOMBEOS ALEMPARTE, S.L.\u201d, doravante RESPONS\u00c1VEL, \u00e9 a entidade respons\u00e1vel pelo tratamento dos dados pessoais do Utilizador e informa que os referidos dados ser\u00e3o tratados em conformidade com as normas vigentes em mat\u00e9ria de prote\u00e7\u00e3o de dados pessoais, nomeadamente o Regulamento (UE) 2016\/679 de 27 de abril [&hellip;]<\/p>\n","protected":false},"author":1,"featured_media":0,"parent":0,"menu_order":0,"comment_status":"closed","ping_status":"closed","template":"elementor_header_footer","meta":{"footnotes":""},"class_list":["post-1877","page","type-page","status-publish","hentry"],"_links":{"self":[{"href":"https:\/\/alemparte.net\/pt-pt\/wp-json\/wp\/v2\/pages\/1877","targetHints":{"allow":["GET"]}}],"collection":[{"href":"https:\/\/alemparte.net\/pt-pt\/wp-json\/wp\/v2\/pages"}],"about":[{"href":"https:\/\/alemparte.net\/pt-pt\/wp-json\/wp\/v2\/types\/page"}],"author":[{"embeddable":true,"href":"https:\/\/alemparte.net\/pt-pt\/wp-json\/wp\/v2\/users\/1"}],"replies":[{"embeddable":true,"href":"https:\/\/alemparte.net\/pt-pt\/wp-json\/wp\/v2\/comments?post=1877"}],"version-history":[{"count":8,"href":"https:\/\/alemparte.net\/pt-pt\/wp-json\/wp\/v2\/pages\/1877\/revisions"}],"predecessor-version":[{"id":2922,"href":"https:\/\/alemparte.net\/pt-pt\/wp-json\/wp\/v2\/pages\/1877\/revisions\/2922"}],"wp:attachment":[{"href":"https:\/\/alemparte.net\/pt-pt\/wp-json\/wp\/v2\/media?parent=1877"}],"curies":[{"name":"wp","href":"https:\/\/api.w.org\/{rel}","templated":true}]}}